{"id":18151,"date":"2026-03-25T09:07:21","date_gmt":"2026-03-25T08:07:21","guid":{"rendered":"https:\/\/dilab-research.de\/cop\/?page_id=18151"},"modified":"2026-03-30T15:57:49","modified_gmt":"2026-03-30T13:57:49","slug":"push","status":"publish","type":"page","link":"https:\/\/dilab-research.de\/cop\/push\/","title":{"rendered":"\u00dcber die Plattform PUSH"},"content":{"rendered":"\t\t<div data-elementor-type=\"wp-page\" data-elementor-id=\"18151\" class=\"elementor elementor-18151\" data-elementor-post-type=\"page\">\n\t\t\t\t<div class=\"elementor-element elementor-element-8a33bb6 e-flex e-con-boxed e-con e-parent\" data-id=\"8a33bb6\" data-element_type=\"container\" data-e-type=\"container\">\n\t\t\t\t\t<div class=\"e-con-inner\">\n\t\t\t\t<div class=\"elementor-element elementor-element-515b83c4 elementor-widget__width-inherit elementor-widget elementor-widget-text-editor\" data-id=\"515b83c4\" data-element_type=\"widget\" data-e-type=\"widget\" data-widget_type=\"text-editor.default\">\n\t\t\t\t\t<div class=\"bb-theme-elementor-wrap bb-elementor-custom-color bb-elementor-custom-family\">\t\t\t\t<h3>Willkommen zum Passauer Uni-Schule Hub<\/h3>\n<p><span style=\"font-family: var( --e-global-typography-text-font-family ), Sans-serif; text-align: var(--text-align); background-color: var(--bb-body-background-color);\">Werde Mitglied und profitiere von Communities zu verschiedenen Bildungsthemen!<\/span><\/p>\n<p><!-- \/wp:columns --><!-- wp:paragraph --><\/p>\n<p><!-- \/wp:paragraph --><\/p>\t\t\t\t<\/div>\t\t\t\t<\/div>\n\t\t\t\t<div class=\"elementor-element elementor-element-bc7f40b elementor-cta--layout-image-right elementor-cta--skin-classic elementor-animated-content elementor-bg-transform elementor-bg-transform-zoom-in elementor-widget elementor-widget-call-to-action\" data-id=\"bc7f40b\" data-element_type=\"widget\" data-e-type=\"widget\" data-widget_type=\"call-to-action.default\">\n\t\t\t\t\t\t\t<a class=\"elementor-cta\" href=\"https:\/\/dilab-research.de\/cop\/wp-login.php\">\n\t\t\t\t\t<div class=\"elementor-cta__bg-wrapper\">\n\t\t\t\t<div class=\"elementor-cta__bg elementor-bg\" style=\"background-image: url(https:\/\/dilab-research.de\/cop\/wp-content\/uploads\/2026\/02\/PUSH_User_Call-to-Action-1.png);\" role=\"img\" aria-label=\"PUSH_User_Call-to-Action\"><\/div>\n\t\t\t\t<div class=\"elementor-cta__bg-overlay\"><\/div>\n\t\t\t<\/div>\n\t\t\t\t\t\t\t<div class=\"elementor-cta__content\">\n\t\t\t\t\n\t\t\t\t\t\t\t\t\t<h2 class=\"elementor-cta__title elementor-cta__content-item elementor-content-item\">\n\t\t\t\t\t\tMitglied werden!\t\t\t\t\t<\/h2>\n\t\t\t\t\n\t\t\t\t\t\t\t\t\t<div class=\"elementor-cta__description elementor-cta__content-item elementor-content-item\">\n\t\t\t\t\t\tKolleginnen und Kollegen finden, Kooperationspartner entdecken.\t\t\t\t\t<\/div>\n\t\t\t\t\n\t\t\t\t\t\t\t\t\t<div class=\"elementor-cta__button-wrapper elementor-cta__content-item elementor-content-item \">\n\t\t\t\t\t<span class=\"elementor-cta__button elementor-button elementor-size-\">\n\t\t\t\t\t\tJetzt anmelden!\t\t\t\t\t<\/span>\n\t\t\t\t\t<\/div>\n\t\t\t\t\t\t\t<\/div>\n\t\t\t\t\t\t<\/a>\n\t\t\t\t\t\t<\/div>\n\t\t\t\t<div class=\"elementor-element elementor-element-4b95528 elementor-widget elementor-widget-spacer\" data-id=\"4b95528\" data-element_type=\"widget\" data-e-type=\"widget\" data-widget_type=\"spacer.default\">\n\t\t\t\t\t\t\t<div class=\"elementor-spacer\">\n\t\t\t<div class=\"elementor-spacer-inner\"><\/div>\n\t\t<\/div>\n\t\t\t\t\t\t<\/div>\n\t\t\t\t\t<\/div>\n\t\t\t\t<\/div>\n\t\t<div class=\"elementor-element elementor-element-ee5b3aa e-flex e-con-boxed e-con e-parent\" data-id=\"ee5b3aa\" data-element_type=\"container\" data-e-type=\"container\">\n\t\t\t\t\t<div class=\"e-con-inner\">\n\t\t<div class=\"elementor-element elementor-element-d51f2ec e-con-full e-flex e-con e-child\" data-id=\"d51f2ec\" data-element_type=\"container\" data-e-type=\"container\">\n\t\t\t\t<div class=\"elementor-element elementor-element-23c8493 elementor-widget elementor-widget-text-editor\" data-id=\"23c8493\" data-element_type=\"widget\" data-e-type=\"widget\" data-widget_type=\"text-editor.default\">\n\t\t\t\t\t<div class=\"bb-theme-elementor-wrap bb-elementor-custom-color bb-elementor-custom-family\">\t\t\t\t<h4>Was ist PUSH?<\/h4>\n<p>Die Community-Plattform PUSH erm\u00f6glicht die Vernetzung von Bildungsakteur:innen \u00fcber Institutionengrenzen hinweg und tr\u00e4gt so zu einer besseren Verzahnung der Lehrkr\u00e4ftebildungsphasen sowie zu der Verbesserung von Kommunikations- und Kollaborationsprozessen bei.<\/p>\n<p>Bildungsakteur:innen kommen auf PUSH zusammen, k\u00f6nnen eigene Gruppen erstellen sowie direkt mit Anderen kommunizieren.<\/p>\n<p>Betreut wird die Plattform durch Mitarbeitende des Zentrums f\u00fcr Lehrkr\u00e4ftebildung und Fachdidaktik an der Universit\u00e4t Passau.<\/p>\n<p>\u00a0<\/p>\t\t\t\t<\/div>\t\t\t\t<\/div>\n\t\t\t\t<div class=\"elementor-element elementor-element-7730f40 elementor-widget elementor-widget-text-editor\" data-id=\"7730f40\" data-element_type=\"widget\" data-e-type=\"widget\" data-widget_type=\"text-editor.default\">\n\t\t\t\t\t<div class=\"bb-theme-elementor-wrap bb-elementor-custom-color\">\t\t\t\t<h4>Wer kann teilnehmen?<\/h4>\n<p><span style=\"caret-color: #000000; color: #000000; font-size: medium;\">PUSH richtet sich an alle Bildungsakteur:innen \u2013 von Mitarbeitenden des Schuldienstes \u00fcber Universit\u00e4ten bis hin zu weiteren Partnerorganisationen. Die Plattform f\u00f6rdert die Zusammenarbeit und den Austausch \u00fcber Institutionen hinweg und schafft so neue M\u00f6glichkeiten f\u00fcr Vernetzung und gemeinsame Projekte.<\/span><\/p>\t\t\t\t<\/div>\t\t\t\t<\/div>\n\t\t\t\t<\/div>\n\t\t<div class=\"elementor-element elementor-element-56552c0 e-con-full e-flex e-con e-child\" data-id=\"56552c0\" data-element_type=\"container\" data-e-type=\"container\">\n\t\t\t\t<div class=\"elementor-element elementor-element-848cfb8 elementor-widget elementor-widget-image\" data-id=\"848cfb8\" data-element_type=\"widget\" data-e-type=\"widget\" data-widget_type=\"image.default\">\n\t\t\t\t\t\t\t\t\t\t\t\t\t\t\t<img fetchpriority=\"high\" decoding=\"async\" width=\"640\" height=\"420\" src=\"https:\/\/dilab-research.de\/cop\/wp-content\/uploads\/2026\/02\/Grafik_Push_v5.png\" class=\"attachment-large size-large wp-image-3244\" alt=\"\" srcset=\"https:\/\/dilab-research.de\/cop\/wp-content\/uploads\/2026\/02\/Grafik_Push_v5.png 646w, https:\/\/dilab-research.de\/cop\/wp-content\/uploads\/2026\/02\/Grafik_Push_v5-300x197.png 300w, https:\/\/dilab-research.de\/cop\/wp-content\/uploads\/2026\/02\/Grafik_Push_v5-624x410.png 624w\" sizes=\"(max-width: 640px) 100vw, 640px\" \/>\t\t\t\t\t\t\t\t\t\t\t\t\t\t\t<\/div>\n\t\t\t\t<\/div>\n\t\t\t\t\t<\/div>\n\t\t\t\t<\/div>\n\t\t\t\t<\/div>\n\t\t","protected":false},"excerpt":{"rendered":"<p>Willkommen zum Passauer Uni-Schule Hub Werde Mitglied und profitiere von Communities zu verschiedenen Bildungsthemen! Mitglied werden! Kolleginnen und Kollegen finden, Kooperationspartner entdecken. Jetzt anmelden! zum&hellip;<\/p>\n","protected":false},"author":1,"featured_media":0,"parent":0,"menu_order":0,"comment_status":"closed","ping_status":"closed","template":"","meta":{"_acf_changed":false,"es_repo_domain":"https:\/\/redaktion.openeduhub.net\/edu-sharing\/","es_repo_ticket":"","es_plugin_url":"https:\/\/dilab-research.de\/cop\/wp-content\/plugins","footnotes":""},"class_list":["post-18151","page","type-page","status-publish","hentry"],"acf":[],"_links":{"self":[{"href":"https:\/\/dilab-research.de\/cop\/wp-json\/wp\/v2\/pages\/18151","targetHints":{"allow":["GET"]}}],"collection":[{"href":"https:\/\/dilab-research.de\/cop\/wp-json\/wp\/v2\/pages"}],"about":[{"href":"https:\/\/dilab-research.de\/cop\/wp-json\/wp\/v2\/types\/page"}],"author":[{"embeddable":true,"href":"https:\/\/dilab-research.de\/cop\/wp-json\/wp\/v2\/users\/1"}],"replies":[{"embeddable":true,"href":"https:\/\/dilab-research.de\/cop\/wp-json\/wp\/v2\/comments?post=18151"}],"version-history":[{"count":17,"href":"https:\/\/dilab-research.de\/cop\/wp-json\/wp\/v2\/pages\/18151\/revisions"}],"predecessor-version":[{"id":18316,"href":"https:\/\/dilab-research.de\/cop\/wp-json\/wp\/v2\/pages\/18151\/revisions\/18316"}],"wp:attachment":[{"href":"https:\/\/dilab-research.de\/cop\/wp-json\/wp\/v2\/media?parent=18151"}],"curies":[{"name":"wp","href":"https:\/\/api.w.org\/{rel}","templated":true}]}}