{"id":11,"date":"2025-01-17T11:43:45","date_gmt":"2025-01-17T10:43:45","guid":{"rendered":"http:\/\/132.231.131.132\/wordpress\/terms-of-service\/"},"modified":"2025-12-02T10:57:05","modified_gmt":"2025-12-02T09:57:05","slug":"terms-of-service","status":"publish","type":"page","link":"https:\/\/dilab-research.de\/cop\/terms-of-service\/","title":{"rendered":"Nutzungsbedingungen"},"content":{"rendered":"\n<h2 class=\"wp-block-heading\"><strong>Nutzungszweck<\/strong><\/h2>\n\n\n\n<ol start=\"1\" class=\"wp-block-list\">\n<li>Die Community-Plattform ist ein Dienstleistungsangebot der Didaktischen Innovationslabore der Universit\u00e4t Passau (DiLab) und enth\u00e4lt \u00f6ffentliche und geschlossene Bereiche. Die Plattform dient der Vernetzung innerhalb der Universit\u00e4t Passau und zwischen der Universit\u00e4t Passau, anderen Bildungsinstitutionen, Lehrkr\u00e4ften und weiteren Bildungsakteuren.<\/li>\n<\/ol>\n\n\n\n<p><strong>Zugang und Registrierung<\/strong><\/p>\n\n\n\n<ol start=\"1\" class=\"wp-block-list\">\n<li>Die Nutzung der Community-Plattform ist kostenlos.<\/li>\n\n\n\n<li>Zugangsberechtigt sind ausschlie\u00dflich vollj\u00e4hrige Personen, die einer Universit\u00e4t, Schulen oder anderen Bildungspartnern angeh\u00f6ren. Angeh\u00f6rige der Universit\u00e4t Passau verwenden f\u00fcr den Login die bei Universit\u00e4tseintritt vom ZIM vergebene ZIM-Kennung. Angeh\u00f6rige anderer Hochschulen k\u00f6nnen sich via Shibboleth einloggen. Lehrkr\u00e4fte k\u00f6nnen sich via vidis mittels Ihres Landesbildungsaccount, bspw. ByCS einloggen. Andere Personen k\u00f6nnen sich eigenst\u00e4ndig registrieren.<\/li>\n\n\n\n<li>Alle Nutzenden verpflichten sich, ihre Zugangsdaten geheim zu halten, insbesondere Anmeldename und Passwort nicht an Dritte weiterzugeben. Nutzende haften f\u00fcr jeglichen Missbrauch ihres Accounts, der aufgrund ihres Verschuldens entsteht.<\/li>\n\n\n\n<li>Accounts werden 12 Monate nach der letzten Aktivit\u00e4t automatisiert (nach vorheriger Erinnerung) gel\u00f6scht.<\/li>\n<\/ol>\n\n\n\n<p>Eine vorzeitige L\u00f6schung des Accounts, der auf der Community-Plattform angelegt wird, kann die Person unter Profil-Einstellungen selbst vornehmen. Diese L\u00f6schung kann nicht r\u00fcckg\u00e4ngig gemacht werden. Alle mit dem gel\u00f6schten User gespeicherten Profil- und Aktivit\u00e4tsdaten werden gel\u00f6scht. Get\u00e4tigte Beitr\u00e4ge in der Community werden anonymisiert dargestellt und k\u00f6nnen dem gel\u00f6schten User nicht mehr zugeordnet werden.<\/p>\n\n\n\n<h2 class=\"wp-block-heading\"><strong>Nutzungsbedingungen und -berechtigungen<\/strong><\/h2>\n\n\n\n<ol start=\"1\" class=\"wp-block-list\">\n<li>Alle Nutzenden m\u00fcssen sicherstellen, dass die angegebene pers\u00f6nliche E-Mail-Adresse stets g\u00fcltig und funktionsf\u00e4hig ist und regelm\u00e4\u00dfig auf Posteingang \u00fcberpr\u00fcft wird.<\/li>\n\n\n\n<li>Nutzende verpflichten sich nach bestem Wissen und Gewissen, keine Inhalte hochzuladen, die zu einer St\u00f6rung des Systems (z. B. Schadsoftware) f\u00fchren k\u00f6nnen.<\/li>\n\n\n\n<li>Nutzende verpflichten sich, keine Inhalte hochzuladen, die gegen Urheberrechte und geltendes Recht versto\u00dfen. Sie tragen die alleinige Verantwortung bei Rechtsverst\u00f6\u00dfen.<\/li>\n\n\n\n<li>Es ist Nutzenden dar\u00fcber hinaus nicht gestattet, die Plattform f\u00fcr Werbe- und\/oder Marketingbotschaften zu verwenden.<\/li>\n\n\n\n<li>Dozierende und Personen mit Bereichsadministrationsrechten tragen die alleinige Verantwortung f\u00fcr ihre auf der Community-Plattform angebotenen Veranstaltungen und Inhalte sowie deren sachgem\u00e4\u00dfe und rechtskonforme Bereitstellung.<\/li>\n\n\n\n<li>Bei Versto\u00df gegen eine der oben aufgef\u00fchrten Bedingungen haben Nutzende den Schaden zu ersetzen, welcher dem Gesch\u00e4digten entstanden ist. Dar\u00fcber hinaus liegt es im Ermessen des Betreibers, nach Kenntniserlangung derartiger Verst\u00f6\u00dfen, der Person den Zugang zur Community-Plattform zu sperren.<\/li>\n<\/ol>\n\n\n\n<p><strong>Urheberrechte und geltendes Recht<\/strong><\/p>\n\n\n\n<ol start=\"1\" class=\"wp-block-list\">\n<li>Mit Zustimmung zu dieser Vereinbarung erkennen Nutzende ausdr\u00fccklich an, dass alle Rechte an den auf der Community-Plattform bereitgestellten Materialien bei den Urheberrechtsinhabern bzw. genannten Dritten liegen. Nutzende sind verpflichtet, das Urheberrecht zu wahren. Jegliche Nutzung von zur Verf\u00fcgung gestellten urheberrechtlich gesch\u00fctzten Materialien, z. B. Vervielf\u00e4ltigung, Ver\u00f6ffentlichung, Verkauf oder Weitergabe an Dritte bedarf der vorherigen Zustimmung der jeweiligen Urheberrechtsinhaber. Ausgenommen ist die unvermeidliche Herstellung automatischer tempor\u00e4rer Kopien durch den verwendeten Browser sowie das Ausdrucken von Inhalten zu privaten Lernzwecken.<\/li>\n\n\n\n<li>Nutzende sind verpflichtet sicherzustellen, dass sie berechtigt sind, die von ihnen bereitgestellten Materialien an die jeweilige Personengruppe weiterzugeben, und tragen die alleinige Verantwortung f\u00fcr deren rechtskonforme Bereitstellung.<\/li>\n\n\n\n<li>Dar\u00fcber hinaus haben Nutzende zu gew\u00e4hrleisten, dass sie nicht gegen geltendes Recht versto\u00dfen. Das bedeutet, insbesondere:\n<ul class=\"wp-block-list\">\n<li>keine Straftat oder Ordnungswidrigkeit zu begehen, insbesondere<\/li>\n\n\n\n<li>keine anderen Nutzenden zu bel\u00e4stigen oder zu beleidigen,<\/li>\n\n\n\n<li>verleumderische oder bedrohende Inhalte einzustellen<\/li>\n\n\n\n<li>oder solche an andere Nutzende zu verschicken<\/li>\n\n\n\n<li>sowie nicht gegen Jugendschutzvorschriften zu versto\u00dfen.<\/li>\n<\/ul>\n<\/li>\n<\/ol>\n\n\n\n<h2 class=\"wp-block-heading\"><strong>Datenschutz<\/strong><\/h2>\n\n\n\n<ol class=\"wp-block-list\">\n<li>Personenbezogene Daten werden durch die Community-Plattform verarbeitet und gespeichert, um den Nutzenden den Zugang zur Community-Plattform zu Vernetzungs- und Weiterbildungszwecken zu erm\u00f6glichen. Eine Weitergabe personenbezogener Daten zu Werbe- oder Marketingzwecken erfolgt nicht. F\u00fcr die Bereitstellung der Plattform arbeiten wir mit Dienstleistern (Auftragsverarbeitern) zusammen, die ausschlie\u00dflich in unserem Auftrag und nach unseren Weisungen t\u00e4tig werden. Die Speicherdauer der Daten richtet sich nach den gesetzlichen Aufbewahrungsfristen und dem jeweiligen Verarbeitungszweck, detaillierte Informationen finden Sie in unserer <a href=\"https:\/\/dilab-research.de\/cop\/privacy-policy\/\" data-type=\"page\" data-id=\"2197\">Datenschutzerkl\u00e4rung<\/a>.<\/li>\n\n\n\n<li>Den Nutzenden ist es untersagt, personenbezogene sowie sensible bzw. besondere Kategorien personenbezogener Daten in \u00f6ffentlich einsehbaren Bereichen der Plattform &#8211; au\u00dferhalb des pers\u00f6nlichen Arbeitsraums (z. B. Forenbeitr\u00e4ge) -einzustellen. Nutzende d\u00fcrfen nur solche Daten auf die Plattform hochladen, zu deren Nutzung sie berechtigt sind. F\u00fcr die Rechtm\u00e4\u00dfigkeit hochgeladener Inhalte sind die Nutzenden selbst verantwortlich.<\/li>\n\n\n\n<li>Im Rahmen der Community-Plattform \u201ePUSH\u201c werden unter anderem folgende personenbezogenen Daten verarbeitet und gespeichert:<br><br><strong>A. Personenbezogene Daten im Rahmen des Benutzerprofils<br><\/strong>Folgende personenbezogene Daten sind f\u00fcr andere Nutzende der jeweiligen Bereiche einsehbar.<br><br>\u2013 Benutzername<br>\u2013 Nachname<br>\u2013 Vorname<br>\u2013 E-Mail-Adresse\u00a0<br><br>Diese Informationen werden durch zentrale Authentifizierungssysteme an die Community-Plattform-Installation \u00fcbertragen und k\u00f6nnen lokal von der nutzenden Person nicht ge\u00e4ndert werden. Die Verarbeitung erfolgt auf Grundlage von Art. 6 Abs. 1 lit. b DSGVO.<br><br>Nutzende k\u00f6nnen ihr Profil freiwillig mit zus\u00e4tzlichen Angaben (z.B. Profilbild) erg\u00e4nzen. Die Verarbeitung dieser freiwilligen Angaben erfolgt auf Grundlage von Art. 6 Abs. 1 lit. a DSGVO (Einwilligung). \u00dcber die Ver\u00f6ffentlichung weiterer Daten bestimmen die Nutzenden im pers\u00f6nlichen Profil selbst.<br>\u00a0<br>Es wird darauf hingewiesen, dass im Rahmen von Nachrichten, Gruppen oder vergleichbaren Funktionen weitere personenbezogene Daten freiwillig durch die Nutzenden eingegeben und verarbeitet werden k\u00f6nnen. Die Verarbeitung dieser Daten erfolgt auf Grundlage von Art. 6 Abs. 1 lit. b DSGVO (Vertragserf\u00fcllung), soweit sie f\u00fcr die Nutzung der jeweiligen Funktion erforderlich ist. F\u00fcr dar\u00fcberhinausgehende freiwillige Angaben erfolgt die Verarbeitung auf Grundlage von Art. 6 Abs. 1 lit. a DSGVO (Einwilligung).<br><br><strong>B. Logdaten und Zugriffsstatistiken<\/strong><br>Jeder Nutzungsvorgang auf der Community-Plattform wird protokolliert. Dabei werden Datum und Uhrzeit, die dem Endger\u00e4t zugewiesene IP-Adresse sowie die aufgerufene Community-Plattform-Seite dokumentiert und gespeichert.<br>\u00a0<br>Die Verarbeitung erfolgt gem\u00e4\u00df Art. 6 Abs. 1 lit. e DSGVO i.V.m. Art. 4 BayDSG und Art. 2 BayHIG zur Erf\u00fcllung unserer Aufgaben im \u00f6ffentlichen Interesse, insbesondere zur Gew\u00e4hrleistung der IT-Sicherheit, Fehleranalyse und St\u00f6rungsbeseitigung.<br><br>Nutzungsdaten k\u00f6nnen anonymisiert zu statistischen Zwecken ausgewertet werden. Eine personenbezogene Auswertung findet nicht statt.<br><br><strong>C. \u201eCommunity\u201c \u2013 Anzeige<\/strong><br>Zur Erleichterung der Kommunikation zwischen den Nutzenden werden im Bereich \u201eCommunity\u201c die aktuell angemeldeten Nutzenden angezeigt. Gleiches gilt f\u00fcr Mitglieder von Gruppen. Es besteht die M\u00f6glichkeit, eine Kontaktanfrage zu senden. Nach Best\u00e4tigung der Kontaktanfrage k\u00f6nnen sich Mitglieder auf der Plattform austauschen. Die Verarbeitung erfolgt gem\u00e4\u00df Art. 6 Abs. 1 lit. b DSGVO.<br><br>Detailliertere Informationen zur Erhebung, Verarbeitung und Nutzung personenbezogener Daten und Ihrer umfassenden Betroffenenrechte, finden Sie in unserer <a href=\"https:\/\/dilab-research.de\/cop\/privacy-policy\/\" data-type=\"page\" data-id=\"2197\">Datenschutzerkl\u00e4rung<\/a>.<\/li>\n<\/ol>\n\n\n\n<ol start=\"1\" class=\"wp-block-list\"><\/ol>\n\n\n\n<h2 class=\"wp-block-heading\"><strong>Haftungsausschluss und Gew\u00e4hrleistung<\/strong><\/h2>\n\n\n\n<ol start=\"1\" class=\"wp-block-list\">\n<li>Das DiLab ist Diensteanbieter der Community-Plattform im Sinne des Art. 6 Digital Services Act.<\/li>\n\n\n\n<li>Demnach ist das DiLab grunds\u00e4tzlich nicht f\u00fcr fremde Inhalte verantwortlich, die es f\u00fcr Nutzende auf der Community-Plattform speichert, \u00fcbermittelt oder zu denen es Zugang zur Nutzung gew\u00e4hrt.<\/li>\n\n\n\n<li>Etwas anderes gilt nur dann, wenn das DiLab als Dienstanbieter Kenntnis von rechtswidrigen Handlungen oder Informationen erh\u00e4lt und nicht unverz\u00fcglich t\u00e4tig wird, um diese Informationen zu entfernen oder den Zugang zu ihnen zu sperren.<\/li>\n\n\n\n<li>F\u00fcr Inhalte, auf die direkt oder indirekt verwiesen wird (Hyperlinks) und die au\u00dferhalb des Einflussbereiches des DiLab liegen, \u00fcbernimmt das DiLab keine Verantwortung.<\/li>\n\n\n\n<li>Es wird keine Gew\u00e4hr f\u00fcr die Aktualit\u00e4t und Vollst\u00e4ndigkeit der auf der Community-Plattform bereitgestellten Inhalte \u00fcbernommen.<\/li>\n\n\n\n<li>Das DiLab kann Teile oder bestimmte Funktionen des Dienstangebots jederzeit \u00e4ndern oder au\u00dfer Kraft setzen. Entsprechend k\u00f6nnen die Nutzung und der Zugang zur Community-Plattform sowie die Dauer und der Umfang der Nutzung jederzeit beschr\u00e4nkt werden. Das DiLab ist jedoch bestrebt, Ausfallzeiten m\u00f6glichst kurz zu halten und daf\u00fcr Sorge zu tragen, dass alle Funktionen jederzeit zur Verf\u00fcgung stehen.<\/li>\n<\/ol>\n\n\n\n<h2 class=\"wp-block-heading\"><strong>\u00dcber diese Vereinbarung<\/strong><\/h2>\n\n\n\n<ol start=\"1\" class=\"wp-block-list\">\n<li>Die Nutzungsbedingungen sind online auf der Community-Plattform einsehbar und gelten f\u00fcr alle Nutzenden, die die Community-Plattform nutzen m\u00f6chten. Mit der Nutzung der Community-Plattform erkennen Nutzende die G\u00fcltigkeit jeder Einzelbestimmung f\u00fcr sich an. Die G\u00fcltigkeit einer jeden Einzelbestimmung wird nicht durch die G\u00fcltigkeit anderer Einzelbestimmungen beeinflusst.<\/li>\n\n\n\n<li>Wir behalten uns vor, diese Nutzungsbedingungen zu \u00e4ndern, soweit dies zur Anpassung an rechtliche oder technische Entwicklungen oder zur Verbesserung unseres Dienstes erforderlich ist. \u00c4nderungen treten sofort nach \u00c4nderung in Kraft. Bei jeder \u00c4nderung m\u00fcssen die Nutzungsbedingungen von allen Nutzenden nach dem n\u00e4chsten Login erneut akzeptiert werden. Durch den fortgesetzten Gebrauch des Lernangebots stimmen die Nutzenden der ge\u00e4nderten Vereinbarung zu und sind durch die Bestimmungen der ge\u00e4nderten Vereinbarung gebunden.<\/li>\n\n\n\n<li>Nutzende haben jederzeit das Recht, ihre Einwilligung zu dieser Vereinbarung zur\u00fcckzuziehen. Durch so einen Widerruf erlischt die Nutzungsberechtigung.<\/li>\n<\/ol>\n\n\n\n<h2 class=\"wp-block-heading\"><strong>Salvatorische Klausel<\/strong><\/h2>\n\n\n\n<ol start=\"1\" class=\"wp-block-list\">\n<li>Sofern Bestimmungen dieses Textes (in Teilen oder einzelnen Formulierungen) der geltenden Rechtslage nicht, nicht mehr oder nicht vollst\u00e4ndig entsprechen sollten, bleiben die \u00fcbrigen Teile des Dokumentes in ihrem Inhalt und ihrer G\u00fcltigkeit davon unber\u00fchrt.<\/li>\n\n\n\n<li>An die Stelle der unwirksamen Bestimmung tritt diejenige wirksame und durchf\u00fchrbare Regelung, die der urspr\u00fcnglichen Bestimmung am n\u00e4chsten kommt.<\/li>\n<\/ol>\n\n\n\n<p>Version\/Stand November 2025<\/p>\n\n\n\n<p><\/p>\n\n\n\n<p><\/p>\n","protected":false},"excerpt":{"rendered":"<p>Nutzungszweck Zugang und Registrierung Eine vorzeitige L\u00f6schung des Accounts, der auf der Community-Plattform angelegt wird, kann die Person unter Profil-Einstellungen selbst vornehmen. Diese L\u00f6schung kann&hellip;<\/p>\n","protected":false},"author":1,"featured_media":0,"parent":0,"menu_order":0,"comment_status":"closed","ping_status":"closed","template":"","meta":{"_acf_changed":false,"es_repo_domain":"","es_repo_ticket":"","es_plugin_url":"","footnotes":""},"class_list":["post-11","page","type-page","status-publish","hentry"],"acf":[],"_links":{"self":[{"href":"https:\/\/dilab-research.de\/cop\/wp-json\/wp\/v2\/pages\/11","targetHints":{"allow":["GET"]}}],"collection":[{"href":"https:\/\/dilab-research.de\/cop\/wp-json\/wp\/v2\/pages"}],"about":[{"href":"https:\/\/dilab-research.de\/cop\/wp-json\/wp\/v2\/types\/page"}],"author":[{"embeddable":true,"href":"https:\/\/dilab-research.de\/cop\/wp-json\/wp\/v2\/users\/1"}],"replies":[{"embeddable":true,"href":"https:\/\/dilab-research.de\/cop\/wp-json\/wp\/v2\/comments?post=11"}],"version-history":[{"count":0,"href":"https:\/\/dilab-research.de\/cop\/wp-json\/wp\/v2\/pages\/11\/revisions"}],"wp:attachment":[{"href":"https:\/\/dilab-research.de\/cop\/wp-json\/wp\/v2\/media?parent=11"}],"curies":[{"name":"wp","href":"https:\/\/api.w.org\/{rel}","templated":true}]}}